{"id":34,"date":"2022-08-27T08:44:16","date_gmt":"2022-08-27T05:44:16","guid":{"rendered":"https:\/\/eraskokki.fi\/?page_id=34"},"modified":"2024-04-25T00:01:04","modified_gmt":"2024-04-24T21:01:04","slug":"eraskokki","status":"publish","type":"page","link":"https:\/\/eraskokki.fi\/","title":{"rendered":"Er\u00e4sKokki"},"content":{"rendered":"\n<p>Er\u00e4sKokki on huollossa. <\/p>\n\n\n\n<p>Emme ota tilauksia vastaan t\u00e4ll\u00e4 hetkell\u00e4.<\/p>\n\n\n\n<p><br><a href=\"mailto:info@eraskokki.fi\">info@eraskokki.fi<\/a><br>+358 50 3547254<br><\/p>\n","protected":false},"excerpt":{"rendered":"<p>Er\u00e4sKokki on huollossa. Emme ota tilauksia vastaan t\u00e4ll\u00e4 hetkell\u00e4. info@eraskokki.fi+358 50 3547254<\/p>\n","protected":false},"author":1,"featured_media":0,"parent":0,"menu_order":0,"comment_status":"closed","ping_status":"closed","template":"","meta":{"footnotes":""},"class_list":["post-34","page","type-page","status-publish","hentry"],"_links":{"self":[{"href":"https:\/\/eraskokki.fi\/index.php?rest_route=\/wp\/v2\/pages\/34","targetHints":{"allow":["GET"]}}],"collection":[{"href":"https:\/\/eraskokki.fi\/index.php?rest_route=\/wp\/v2\/pages"}],"about":[{"href":"https:\/\/eraskokki.fi\/index.php?rest_route=\/wp\/v2\/types\/page"}],"author":[{"embeddable":true,"href":"https:\/\/eraskokki.fi\/index.php?rest_route=\/wp\/v2\/users\/1"}],"replies":[{"embeddable":true,"href":"https:\/\/eraskokki.fi\/index.php?rest_route=%2Fwp%2Fv2%2Fcomments&post=34"}],"version-history":[{"count":7,"href":"https:\/\/eraskokki.fi\/index.php?rest_route=\/wp\/v2\/pages\/34\/revisions"}],"predecessor-version":[{"id":113,"href":"https:\/\/eraskokki.fi\/index.php?rest_route=\/wp\/v2\/pages\/34\/revisions\/113"}],"wp:attachment":[{"href":"https:\/\/eraskokki.fi\/index.php?rest_route=%2Fwp%2Fv2%2Fmedia&parent=34"}],"curies":[{"name":"wp","href":"https:\/\/api.w.org\/{rel}","templated":true}]}}