{"id":45,"date":"2022-08-27T09:19:42","date_gmt":"2022-08-27T06:19:42","guid":{"rendered":"https:\/\/eraskokki.fi\/?page_id=45"},"modified":"2024-03-14T22:57:50","modified_gmt":"2024-03-14T19:57:50","slug":"ite-kokki","status":"publish","type":"page","link":"https:\/\/eraskokki.fi\/?page_id=45","title":{"rendered":"Ite kokki"},"content":{"rendered":"\n<p>Er\u00e4sKokki on laittanut ruokaa ammattitaidollla jo yli 30 vuotta.<br>kokemusta l\u00f6ytyy yli kahdeksastakymmennest\u00e4 ammattikeitti\u00f6st\u00e4 ja lis\u00e4ksi vuosien kokemus siirret\u00e4vi\u00e4 keitti\u00f6it\u00e4. Kokki on ty\u00f6skennellyt 35 paikkaisesta finedining ravintolasta yli 1000 paikkaiseen messuravintolaan.<\/p>\n\n\n\n<p>Tilaisuuden j\u00e4rjest\u00e4misest\u00e4 l\u00f6ytyy kokemusta muutaman hengen muonittamisesta m\u00f6kkiolosuhteissa koko majoittumisen ajan, perhejuhlien j\u00e4rjestelyist\u00e4, mutta my\u00f6s isoista joukkoruokailuiden j\u00e4rjest\u00e4misest\u00e4.<\/p>\n\n\n\n<p>Er\u00e4sKokki on &#8221;keitrannut&#8221; vuosisen saatossa mm. fine diningi\u00e4 nuotiolle super special vipeille, elokuva ja sarjatuotantoja,  illanistujaisia, firman tapahtumia, perhejuhlia ja paljon paljon muuta.<\/p>\n\n\n\n<figure class=\"wp-block-image size-large\"><a href=\"https:\/\/eraskokki.fi\/wp-content\/uploads\/2022\/08\/214747601_306787477494970_7154959234147882974_n.jpg\"><img loading=\"lazy\" decoding=\"async\" width=\"1024\" height=\"1024\" src=\"https:\/\/eraskokki.fi\/wp-content\/uploads\/2022\/08\/214747601_306787477494970_7154959234147882974_n-1024x1024.jpg\" alt=\"\" class=\"wp-image-48\" srcset=\"https:\/\/eraskokki.fi\/wp-content\/uploads\/2022\/08\/214747601_306787477494970_7154959234147882974_n-1024x1024.jpg 1024w, https:\/\/eraskokki.fi\/wp-content\/uploads\/2022\/08\/214747601_306787477494970_7154959234147882974_n-300x300.jpg 300w, https:\/\/eraskokki.fi\/wp-content\/uploads\/2022\/08\/214747601_306787477494970_7154959234147882974_n-150x150.jpg 150w, https:\/\/eraskokki.fi\/wp-content\/uploads\/2022\/08\/214747601_306787477494970_7154959234147882974_n-768x768.jpg 768w, https:\/\/eraskokki.fi\/wp-content\/uploads\/2022\/08\/214747601_306787477494970_7154959234147882974_n.jpg 1440w\" sizes=\"auto, (max-width: 1024px) 100vw, 1024px\" \/><\/a><\/figure>\n","protected":false},"excerpt":{"rendered":"<p>Er\u00e4sKokki on laittanut ruokaa ammattitaidollla jo yli 30 vuotta.kokemusta l\u00f6ytyy yli kahdeksastakymmennest\u00e4 ammattikeitti\u00f6st\u00e4 ja lis\u00e4ksi vuosien kokemus siirret\u00e4vi\u00e4 keitti\u00f6it\u00e4. Kokki on ty\u00f6skennellyt 35 paikkaisesta finedining ravintolasta yli 1000 paikkaiseen messuravintolaan. Tilaisuuden j\u00e4rjest\u00e4misest\u00e4 l\u00f6ytyy kokemusta muutaman hengen muonittamisesta m\u00f6kkiolosuhteissa koko majoittumisen ajan, perhejuhlien<\/p>\n<p class=\"link-more\"><a class=\"myButt \" href=\"https:\/\/eraskokki.fi\/?page_id=45\">Read More<\/a><\/p>\n","protected":false},"author":1,"featured_media":0,"parent":0,"menu_order":0,"comment_status":"closed","ping_status":"closed","template":"","meta":{"footnotes":""},"class_list":["post-45","page","type-page","status-publish","hentry"],"_links":{"self":[{"href":"https:\/\/eraskokki.fi\/index.php?rest_route=\/wp\/v2\/pages\/45","targetHints":{"allow":["GET"]}}],"collection":[{"href":"https:\/\/eraskokki.fi\/index.php?rest_route=\/wp\/v2\/pages"}],"about":[{"href":"https:\/\/eraskokki.fi\/index.php?rest_route=\/wp\/v2\/types\/page"}],"author":[{"embeddable":true,"href":"https:\/\/eraskokki.fi\/index.php?rest_route=\/wp\/v2\/users\/1"}],"replies":[{"embeddable":true,"href":"https:\/\/eraskokki.fi\/index.php?rest_route=%2Fwp%2Fv2%2Fcomments&post=45"}],"version-history":[{"count":4,"href":"https:\/\/eraskokki.fi\/index.php?rest_route=\/wp\/v2\/pages\/45\/revisions"}],"predecessor-version":[{"id":107,"href":"https:\/\/eraskokki.fi\/index.php?rest_route=\/wp\/v2\/pages\/45\/revisions\/107"}],"wp:attachment":[{"href":"https:\/\/eraskokki.fi\/index.php?rest_route=%2Fwp%2Fv2%2Fmedia&parent=45"}],"curies":[{"name":"wp","href":"https:\/\/api.w.org\/{rel}","templated":true}]}}