{"id":50,"date":"2022-08-27T09:27:14","date_gmt":"2022-08-27T06:27:14","guid":{"rendered":"https:\/\/eraskokki.fi\/?page_id=50"},"modified":"2022-08-27T09:27:15","modified_gmt":"2022-08-27T06:27:15","slug":"vuokrakalusto","status":"publish","type":"page","link":"https:\/\/eraskokki.fi\/?page_id=50","title":{"rendered":"Vuokrakalusto"},"content":{"rendered":"\n<p>Tarvitsetko juhliisi kalustoa vuokralle?<\/p>\n\n\n\n<p>Meilt\u00e4 l\u00f6ytyy kattava valikoima tilaisuuden j\u00e4rjest\u00e4miseen.<\/p>\n\n\n\n<p>mm.<br>Telttoja<br>Paistinpannuja<br>Kaasu-uuneja<br>Kahvinkeittimi\u00e4<br>Astioita<br>Tarjoiluastioita<br>Valmistusv\u00e4lineit\u00e4<\/p>\n\n\n\n<p>Kysy tarjousta.<br><\/p>\n","protected":false},"excerpt":{"rendered":"<p>Tarvitsetko juhliisi kalustoa vuokralle? Meilt\u00e4 l\u00f6ytyy kattava valikoima tilaisuuden j\u00e4rjest\u00e4miseen. mm.TelttojaPaistinpannujaKaasu-uunejaKahvinkeittimi\u00e4AstioitaTarjoiluastioitaValmistusv\u00e4lineit\u00e4 Kysy tarjousta.<\/p>\n","protected":false},"author":1,"featured_media":0,"parent":0,"menu_order":0,"comment_status":"closed","ping_status":"closed","template":"","meta":{"footnotes":""},"class_list":["post-50","page","type-page","status-publish","hentry"],"_links":{"self":[{"href":"https:\/\/eraskokki.fi\/index.php?rest_route=\/wp\/v2\/pages\/50","targetHints":{"allow":["GET"]}}],"collection":[{"href":"https:\/\/eraskokki.fi\/index.php?rest_route=\/wp\/v2\/pages"}],"about":[{"href":"https:\/\/eraskokki.fi\/index.php?rest_route=\/wp\/v2\/types\/page"}],"author":[{"embeddable":true,"href":"https:\/\/eraskokki.fi\/index.php?rest_route=\/wp\/v2\/users\/1"}],"replies":[{"embeddable":true,"href":"https:\/\/eraskokki.fi\/index.php?rest_route=%2Fwp%2Fv2%2Fcomments&post=50"}],"version-history":[{"count":1,"href":"https:\/\/eraskokki.fi\/index.php?rest_route=\/wp\/v2\/pages\/50\/revisions"}],"predecessor-version":[{"id":51,"href":"https:\/\/eraskokki.fi\/index.php?rest_route=\/wp\/v2\/pages\/50\/revisions\/51"}],"wp:attachment":[{"href":"https:\/\/eraskokki.fi\/index.php?rest_route=%2Fwp%2Fv2%2Fmedia&parent=50"}],"curies":[{"name":"wp","href":"https:\/\/api.w.org\/{rel}","templated":true}]}}